{"id":25634,"date":"2017-01-08T21:03:20","date_gmt":"2017-01-08T20:03:20","guid":{"rendered":"http:\/\/www.ravens-view.de\/?page_id=25634"},"modified":"2017-01-16T09:47:37","modified_gmt":"2017-01-16T08:47:37","slug":"links","status":"publish","type":"page","link":"http:\/\/www.ravens-view.de\/?page_id=25634","title":{"rendered":"Links"},"content":{"rendered":"<p>[et_pb_section admin_label=&#8220;section&#8220; background_image=&#8220;http:\/\/www.ravens-view.de\/wp-content\/uploads\/2017\/01\/12370936_1684813571732467_3268336966740501533_o.jpg&#8220; transparent_background=&#8220;off&#8220; allow_player_pause=&#8220;off&#8220; inner_shadow=&#8220;off&#8220; parallax=&#8220;off&#8220; parallax_method=&#8220;off&#8220; padding_mobile=&#8220;off&#8220; make_fullwidth=&#8220;off&#8220; use_custom_width=&#8220;off&#8220; width_unit=&#8220;on&#8220; make_equal=&#8220;off&#8220; use_custom_gutter=&#8220;off&#8220;][et_pb_row admin_label=&#8220;row&#8220; make_fullwidth=&#8220;off&#8220; use_custom_width=&#8220;off&#8220; width_unit=&#8220;on&#8220; use_custom_gutter=&#8220;off&#8220; custom_padding=&#8220;150px||150px|&#8220; padding_mobile=&#8220;on&#8220; allow_player_pause=&#8220;off&#8220; parallax=&#8220;off&#8220; parallax_method=&#8220;off&#8220; make_equal=&#8220;off&#8220; parallax_1=&#8220;off&#8220; parallax_method_1=&#8220;off&#8220; column_padding_mobile=&#8220;on&#8220;][et_pb_column type=&#8220;4_4&#8243;][et_pb_text admin_label=&#8220;Text&#8220; background_layout=&#8220;light&#8220; text_orientation=&#8220;center&#8220; text_font=&#8220;Playfair Display||||&#8220; text_font_size=&#8220;72&#8243; text_text_color=&#8220;#ffffff&#8220; text_line_height=&#8220;1.2em&#8220; use_border_color=&#8220;off&#8220; border_color=&#8220;#ffffff&#8220; border_style=&#8220;solid&#8220; text_font_size_phone=&#8220;42&#8243; text_font_size_last_edited=&#8220;on|phone&#8220;]<\/p>\n<p class=\"p1\"><span class=\"s1\">Link-Friends<\/span><\/p>\n<p>[\/et_pb_text][\/et_pb_column][\/et_pb_row][\/et_pb_section][et_pb_section admin_label=&#8220;section&#8220; fullwidth=&#8220;off&#8220; specialty=&#8220;on&#8220;][et_pb_column type=&#8220;3_4&#8243; specialty_columns=&#8220;3&#8243;][et_pb_row_inner admin_label=&#8220;row_inner&#8220;][et_pb_column_inner type=&#8220;4_4&#8243; saved_specialty_column_type=&#8220;3_4&#8243;][et_pb_text admin_label=&#8220;Text&#8220; background_layout=&#8220;light&#8220; text_orientation=&#8220;left&#8220; use_border_color=&#8220;off&#8220; border_color=&#8220;#ffffff&#8220; border_style=&#8220;solid&#8220;]<\/p>\n<p><strong><a href=\"http:\/\/www.lapalma.cc\" target=\"_blank\">http:\/\/www.lapalma.cc<\/a><\/strong><\/p>\n<p>Die La-Palma-News sind seit etlichen Jahren fester Bestandteil meiner Linkliste zu La Palma. Mathias Siebold schreibt t\u00e4glich \u00fcber die gro\u00dfen und kleinen Ereignisse auf der Insel, und er tut es mit einem unnachamlichen Stil und so manchem Augenzwinkern. Wenn man nach der Lekt\u00fcre Lust bekommen hat die Insel zu besuchen, egal ob als Wiederholungst\u00e4ter oder Neuling, die Familie Siebold vermittelt auch Fl\u00fcge, Mietwagen und vor allem Unterk\u00fcnfte. Reinschauen und st\u00f6bern lohnt sich!<\/p>\n<p>[\/et_pb_text][\/et_pb_column_inner][\/et_pb_row_inner][\/et_pb_column][et_pb_column type=&#8220;1_4&#8243;][et_pb_image admin_label=&#8220;Bild&#8220; src=&#8220;http:\/\/www.ravens-view.de\/wp-content\/uploads\/2017\/01\/lapalma_cc.jpg&#8220; show_in_lightbox=&#8220;off&#8220; url=&#8220;www.lapalma.cc&#8220; url_new_window=&#8220;on&#8220; use_overlay=&#8220;off&#8220; animation=&#8220;left&#8220; sticky=&#8220;off&#8220; align=&#8220;left&#8220; force_fullwidth=&#8220;off&#8220; always_center_on_mobile=&#8220;on&#8220; use_border_color=&#8220;off&#8220; border_color=&#8220;#ffffff&#8220; border_style=&#8220;solid&#8220;]<\/p>\n<p>[\/et_pb_image][\/et_pb_column][\/et_pb_section][et_pb_section admin_label=&#8220;section&#8220; fullwidth=&#8220;off&#8220; specialty=&#8220;on&#8220;][et_pb_column type=&#8220;3_4&#8243; specialty_columns=&#8220;3&#8243;][et_pb_row_inner admin_label=&#8220;row_inner&#8220;][et_pb_column_inner type=&#8220;4_4&#8243; saved_specialty_column_type=&#8220;3_4&#8243;][et_pb_text admin_label=&#8220;Text&#8220; background_layout=&#8220;light&#8220; text_orientation=&#8220;left&#8220; use_border_color=&#8220;off&#8220; border_color=&#8220;#ffffff&#8220; border_style=&#8220;solid&#8220;]<\/p>\n<p><strong><a href=\"http:\/\/www.not.iac.es\/weather\/\" target=\"_blank\">http:\/\/www.not.iac.es\/weather\/<\/a><\/strong><\/p>\n<p>Auch ein absoluter Dauerbrenner: die Wetterseite des Nordic Optical Telescope. Das NOT war eins der ersten Teleskop auf La Palmas h\u00f6chstem Punkt mit einer Webcam, und so konnte man bequem von seinem Quartier schon absch\u00e4tzen, ob sich ein Trip auf das Dach der Insel lohnen w\u00fcrde. Die Seite gl\u00e4nzt nicht mit schickem Layout, sondern bietet einen schnellen \u00dcberblick \u00fcber die Wetterbedingungen. F\u00fcr Fotografen und Amateur-Astronomen besonders interessant sind die Aerosol-Werte (&#8218;Feinstaub&#8216;). Ab 20 \u00b5g gilt die Luft schon als staubig und sp\u00e4testens bei 40 \u00b5g wirken Nachtaufnahmen, als habe David Hamilton hinter der Kamera gestanden&#8230;<\/p>\n<p>[\/et_pb_text][\/et_pb_column_inner][\/et_pb_row_inner][\/et_pb_column][et_pb_column type=&#8220;1_4&#8243;][et_pb_image admin_label=&#8220;Bild&#8220; src=&#8220;http:\/\/www.ravens-view.de\/wp-content\/uploads\/2017\/01\/not_weather.jpg&#8220; show_in_lightbox=&#8220;off&#8220; url=&#8220;http:\/\/www.not.iac.es\/weather\/&#8220; url_new_window=&#8220;on&#8220; use_overlay=&#8220;off&#8220; animation=&#8220;left&#8220; sticky=&#8220;off&#8220; align=&#8220;left&#8220; force_fullwidth=&#8220;off&#8220; always_center_on_mobile=&#8220;on&#8220; use_border_color=&#8220;off&#8220; border_color=&#8220;#ffffff&#8220; border_style=&#8220;solid&#8220;]<\/p>\n<p>[\/et_pb_image][\/et_pb_column][\/et_pb_section][et_pb_section admin_label=&#8220;Section&#8220; global_module=&#8220;25086&#8243; fullwidth=&#8220;off&#8220; specialty=&#8220;off&#8220; transparent_background=&#8220;off&#8220; allow_player_pause=&#8220;off&#8220; inner_shadow=&#8220;off&#8220; parallax=&#8220;off&#8220; parallax_method=&#8220;off&#8220; custom_padding=&#8220;0px||0px|&#8220; padding_mobile=&#8220;on&#8220; make_fullwidth=&#8220;off&#8220; use_custom_width=&#8220;off&#8220; width_unit=&#8220;on&#8220; make_equal=&#8220;off&#8220; use_custom_gutter=&#8220;off&#8220; background_color=&#8220;#3c3d41&#8243;][et_pb_row global_parent=&#8220;25086&#8243; admin_label=&#8220;Row&#8220; make_fullwidth=&#8220;off&#8220; use_custom_width=&#8220;off&#8220; width_unit=&#8220;on&#8220; use_custom_gutter=&#8220;on&#8220; gutter_width=&#8220;2&#8243; padding_mobile=&#8220;on&#8220; allow_player_pause=&#8220;off&#8220; parallax=&#8220;off&#8220; parallax_method=&#8220;off&#8220; make_equal=&#8220;off&#8220; parallax_1=&#8220;off&#8220; parallax_method_1=&#8220;off&#8220; column_padding_mobile=&#8220;on&#8220; custom_padding=&#8220;50px||50px|&#8220; parallax_2=&#8220;off&#8220; parallax_method_2=&#8220;off&#8220; parallax_3=&#8220;off&#8220; parallax_method_3=&#8220;off&#8220;][et_pb_column type=&#8220;1_2&#8243;][et_pb_text global_parent=&#8220;25086&#8243; admin_label=&#8220;raven\u00b4s view&#8220; background_layout=&#8220;light&#8220; text_orientation=&#8220;left&#8220; text_font=&#8220;Raleway|on|||&#8220; text_font_size=&#8220;28&#8243; text_text_color=&#8220;#ffffff&#8220; text_line_height=&#8220;1.4em&#8220; use_border_color=&#8220;off&#8220; border_color=&#8220;#ffffff&#8220; border_style=&#8220;solid&#8220; custom_margin=&#8220;||8px|&#8220; custom_css_main_element=&#8220;font-weight: 900;&#8220; header_font=&#8220;Raleway||||&#8220;]<\/p>\n<p>raven\u00b4s view<\/p>\n<p>[\/et_pb_text][et_pb_text global_parent=&#8220;25086&#8243; admin_label=&#8220;Text&#8220; background_layout=&#8220;light&#8220; text_orientation=&#8220;left&#8220; text_font=&#8220;Raleway Light||||&#8220; text_font_size=&#8220;16&#8243; text_text_color=&#8220;#aaaaaa&#8220; text_line_height=&#8220;1.5em&#8220; use_border_color=&#8220;off&#8220; border_color=&#8220;#ffffff&#8220; border_style=&#8220;solid&#8220; custom_padding=&#8220;0px|||&#8220; max_width=&#8220;300px&#8220; custom_margin=&#8220;||30px|&#8220; custom_margin_tablet=&#8220;||10px|&#8220; custom_margin_last_edited=&#8220;on|tablet&#8220;]<\/p>\n<p>&#8222;Fotografieren ist finden, was sich verliert.&#8220;<\/p>\n<p>[\/et_pb_text][et_pb_text global_parent=&#8220;25086&#8243; admin_label=&#8220;\u00a9 2017 raven\u00b4s view&#8220; background_layout=&#8220;light&#8220; text_orientation=&#8220;left&#8220; text_font=&#8220;Raleway Light||||&#8220; text_font_size=&#8220;12&#8243; text_text_color=&#8220;#aaaaaa&#8220; text_line_height=&#8220;1.5em&#8220; use_border_color=&#8220;off&#8220; border_color=&#8220;#ffffff&#8220; border_style=&#8220;solid&#8220; custom_padding=&#8220;0px|||&#8220; max_width=&#8220;300px&#8220;]<\/p>\n<p>\u00a9 2017 raven\u00b4s view<\/p>\n<p>[\/et_pb_text][\/et_pb_column][et_pb_column type=&#8220;1_4&#8243;][et_pb_text global_parent=&#8220;25086&#8243; admin_label=&#8220;raven\u00b4s view&#8220; background_layout=&#8220;light&#8220; text_orientation=&#8220;left&#8220; text_font=&#8220;Raleway|on|||&#8220; text_font_size=&#8220;18&#8243; text_text_color=&#8220;#666666&#8243; text_line_height=&#8220;1.4em&#8220; use_border_color=&#8220;off&#8220; border_color=&#8220;#ffffff&#8220; border_style=&#8220;solid&#8220; custom_margin=&#8220;||8px|&#8220; header_font=&#8220;Raleway||||&#8220;]<\/p>\n<p>raven\u00b4s view<\/p>\n<p>[\/et_pb_text][et_pb_text global_parent=&#8220;25086&#8243; admin_label=&#8220;Text&#8220; background_layout=&#8220;light&#8220; text_orientation=&#8220;left&#8220; text_font=&#8220;Raleway Light||||&#8220; text_font_size=&#8220;16&#8243; text_text_color=&#8220;#ffffff&#8220; text_line_height=&#8220;2.2em&#8220; use_border_color=&#8220;off&#8220; border_color=&#8220;#ffffff&#8220; border_style=&#8220;solid&#8220; custom_padding=&#8220;0px|||&#8220; header_font=&#8220;Raleway Light||||&#8220;]<\/p>\n<p><span style=\"color: #ffffff;\"><a style=\"color: #ffffff;\" href=\"http:\/\/www.ravens-view.de\/?page_id=25111\">Blog<\/a><\/span><br \/> <span style=\"color: #ffffff;\"><a style=\"color: #ffffff;\" href=\"http:\/\/www.ravens-view.de\/?page_id=25113\">Galerie<\/a><\/span><br \/> <span style=\"color: #ffffff;\"><a style=\"color: #ffffff;\" href=\"http:\/\/www.ravens-view.de\/?page_id=25102\">Kontakt<\/a><\/span><br \/> <span style=\"color: #ffffff;\"><a style=\"color: #ffffff;\" href=\"http:\/\/www.ravens-view.de\/?page_id=25142\">Impressum<\/a><\/span><\/p>\n<p>[\/et_pb_text][\/et_pb_column][et_pb_column type=&#8220;1_4&#8243;][et_pb_text global_parent=&#8220;25086&#8243; admin_label=&#8220;raven\u00b4s view bei&#8220; background_layout=&#8220;light&#8220; text_orientation=&#8220;left&#8220; text_font=&#8220;Raleway|on|||&#8220; text_font_size=&#8220;18&#8243; text_text_color=&#8220;#666666&#8243; text_line_height=&#8220;1.4em&#8220; use_border_color=&#8220;off&#8220; border_color=&#8220;#ffffff&#8220; border_style=&#8220;solid&#8220; custom_margin=&#8220;||8px|&#8220;]<\/p>\n<p>raven\u00b4s view bei<\/p>\n<p>[\/et_pb_text][et_pb_social_media_follow global_parent=&#8220;25086&#8243; admin_label=&#8220;Sozialen Medien folgen&#8220; link_shape=&#8220;rounded_rectangle&#8220; background_layout=&#8220;light&#8220; url_new_window=&#8220;on&#8220; follow_button=&#8220;off&#8220;]<\/p>\n<p>[et_pb_social_media_follow_network social_network=&#8220;facebook&#8220; url=&#8220;https:\/\/www.facebook.com\/ravensisland\/?fref=ts&#8220; skype_action=&#8220;call&#8220; bg_color=&#8220;#3b5998&#8243;] Facebook [\/et_pb_social_media_follow_network][et_pb_social_media_follow_network social_network=&#8220;instagram&#8220; url=&#8220;https:\/\/www.instagram.com\/ravens__view\/&#8220; skype_action=&#8220;call&#8220; bg_color=&#8220;#517fa4&#8243;] Instagram [\/et_pb_social_media_follow_network]<\/p>\n<p>[\/et_pb_social_media_follow][\/et_pb_column][\/et_pb_row][\/et_pb_section]<\/p>\n","protected":false},"excerpt":{"rendered":"<p>Link-Friends http:\/\/www.lapalma.cc Die La-Palma-News sind seit etlichen Jahren fester Bestandteil meiner Linkliste zu La Palma. Mathias Siebold schreibt t\u00e4glich \u00fcber die gro\u00dfen und kleinen Ereignisse auf der Insel, und er tut es mit einem unnachamlichen Stil und so manchem Augenzwinkern. Wenn man nach der Lekt\u00fcre Lust bekommen hat die Insel zu besuchen, egal ob als [&hellip;]<\/p>\n","protected":false},"author":3,"featured_media":0,"parent":0,"menu_order":0,"comment_status":"closed","ping_status":"closed","template":"","meta":{"_et_pb_use_builder":"on","_et_pb_old_content":"","_et_gb_content_width":"","footnotes":""},"class_list":["post-25634","page","type-page","status-publish","hentry"],"yoast_head":"<!-- This site is optimized with the Yoast SEO plugin v26.0 - https:\/\/yoast.com\/wordpress\/plugins\/seo\/ -->\n<title>raven&#039;s view - Links<\/title>\n<meta name=\"robots\" content=\"index, follow, max-snippet:-1, max-image-preview:large, max-video-preview:-1\" \/>\n<link rel=\"canonical\" href=\"http:\/\/www.ravens-view.de\/?page_id=25634\" \/>\n<meta property=\"og:locale\" content=\"de_DE\" \/>\n<meta property=\"og:type\" content=\"article\" \/>\n<meta property=\"og:title\" content=\"raven&#039;s view - Links\" \/>\n<meta property=\"og:description\" content=\"Link-Friends http:\/\/www.lapalma.cc Die La-Palma-News sind seit etlichen Jahren fester Bestandteil meiner Linkliste zu La Palma. Mathias Siebold schreibt t\u00e4glich \u00fcber die gro\u00dfen und kleinen Ereignisse auf der Insel, und er tut es mit einem unnachamlichen Stil und so manchem Augenzwinkern. Wenn man nach der Lekt\u00fcre Lust bekommen hat die Insel zu besuchen, egal ob als [&hellip;]\" \/>\n<meta property=\"og:url\" content=\"http:\/\/www.ravens-view.de\/?page_id=25634\" \/>\n<meta property=\"article:modified_time\" content=\"2017-01-16T08:47:37+00:00\" \/>\n<meta name=\"twitter:card\" content=\"summary_large_image\" \/>\n<meta name=\"twitter:label1\" content=\"Gesch\u00e4tzte Lesezeit\" \/>\n\t<meta name=\"twitter:data1\" content=\"6\u00a0Minuten\" \/>\n<script type=\"application\/ld+json\" class=\"yoast-schema-graph\">{\"@context\":\"https:\/\/schema.org\",\"@graph\":[{\"@type\":\"WebPage\",\"@id\":\"http:\/\/www.ravens-view.de\/?page_id=25634\",\"url\":\"http:\/\/www.ravens-view.de\/?page_id=25634\",\"name\":\"raven's view - Links\",\"isPartOf\":{\"@id\":\"http:\/\/www.ravens-view.de\/#website\"},\"datePublished\":\"2017-01-08T20:03:20+00:00\",\"dateModified\":\"2017-01-16T08:47:37+00:00\",\"breadcrumb\":{\"@id\":\"http:\/\/www.ravens-view.de\/?page_id=25634#breadcrumb\"},\"inLanguage\":\"de\",\"potentialAction\":[{\"@type\":\"ReadAction\",\"target\":[\"http:\/\/www.ravens-view.de\/?page_id=25634\"]}]},{\"@type\":\"BreadcrumbList\",\"@id\":\"http:\/\/www.ravens-view.de\/?page_id=25634#breadcrumb\",\"itemListElement\":[{\"@type\":\"ListItem\",\"position\":1,\"name\":\"Startseite\",\"item\":\"http:\/\/www.ravens-view.de\/\"},{\"@type\":\"ListItem\",\"position\":2,\"name\":\"Links\"}]},{\"@type\":\"WebSite\",\"@id\":\"http:\/\/www.ravens-view.de\/#website\",\"url\":\"http:\/\/www.ravens-view.de\/\",\"name\":\"\",\"description\":\"\",\"potentialAction\":[{\"@type\":\"SearchAction\",\"target\":{\"@type\":\"EntryPoint\",\"urlTemplate\":\"http:\/\/www.ravens-view.de\/?s={search_term_string}\"},\"query-input\":{\"@type\":\"PropertyValueSpecification\",\"valueRequired\":true,\"valueName\":\"search_term_string\"}}],\"inLanguage\":\"de\"}]}<\/script>\n<!-- \/ Yoast SEO plugin. -->","yoast_head_json":{"title":"raven's view - Links","robots":{"index":"index","follow":"follow","max-snippet":"max-snippet:-1","max-image-preview":"max-image-preview:large","max-video-preview":"max-video-preview:-1"},"canonical":"http:\/\/www.ravens-view.de\/?page_id=25634","og_locale":"de_DE","og_type":"article","og_title":"raven's view - Links","og_description":"Link-Friends http:\/\/www.lapalma.cc Die La-Palma-News sind seit etlichen Jahren fester Bestandteil meiner Linkliste zu La Palma. Mathias Siebold schreibt t\u00e4glich \u00fcber die gro\u00dfen und kleinen Ereignisse auf der Insel, und er tut es mit einem unnachamlichen Stil und so manchem Augenzwinkern. Wenn man nach der Lekt\u00fcre Lust bekommen hat die Insel zu besuchen, egal ob als [&hellip;]","og_url":"http:\/\/www.ravens-view.de\/?page_id=25634","article_modified_time":"2017-01-16T08:47:37+00:00","twitter_card":"summary_large_image","twitter_misc":{"Gesch\u00e4tzte Lesezeit":"6\u00a0Minuten"},"schema":{"@context":"https:\/\/schema.org","@graph":[{"@type":"WebPage","@id":"http:\/\/www.ravens-view.de\/?page_id=25634","url":"http:\/\/www.ravens-view.de\/?page_id=25634","name":"raven's view - Links","isPartOf":{"@id":"http:\/\/www.ravens-view.de\/#website"},"datePublished":"2017-01-08T20:03:20+00:00","dateModified":"2017-01-16T08:47:37+00:00","breadcrumb":{"@id":"http:\/\/www.ravens-view.de\/?page_id=25634#breadcrumb"},"inLanguage":"de","potentialAction":[{"@type":"ReadAction","target":["http:\/\/www.ravens-view.de\/?page_id=25634"]}]},{"@type":"BreadcrumbList","@id":"http:\/\/www.ravens-view.de\/?page_id=25634#breadcrumb","itemListElement":[{"@type":"ListItem","position":1,"name":"Startseite","item":"http:\/\/www.ravens-view.de\/"},{"@type":"ListItem","position":2,"name":"Links"}]},{"@type":"WebSite","@id":"http:\/\/www.ravens-view.de\/#website","url":"http:\/\/www.ravens-view.de\/","name":"","description":"","potentialAction":[{"@type":"SearchAction","target":{"@type":"EntryPoint","urlTemplate":"http:\/\/www.ravens-view.de\/?s={search_term_string}"},"query-input":{"@type":"PropertyValueSpecification","valueRequired":true,"valueName":"search_term_string"}}],"inLanguage":"de"}]}},"_links":{"self":[{"href":"http:\/\/www.ravens-view.de\/index.php?rest_route=\/wp\/v2\/pages\/25634","targetHints":{"allow":["GET"]}}],"collection":[{"href":"http:\/\/www.ravens-view.de\/index.php?rest_route=\/wp\/v2\/pages"}],"about":[{"href":"http:\/\/www.ravens-view.de\/index.php?rest_route=\/wp\/v2\/types\/page"}],"author":[{"embeddable":true,"href":"http:\/\/www.ravens-view.de\/index.php?rest_route=\/wp\/v2\/users\/3"}],"replies":[{"embeddable":true,"href":"http:\/\/www.ravens-view.de\/index.php?rest_route=%2Fwp%2Fv2%2Fcomments&post=25634"}],"version-history":[{"count":14,"href":"http:\/\/www.ravens-view.de\/index.php?rest_route=\/wp\/v2\/pages\/25634\/revisions"}],"predecessor-version":[{"id":25698,"href":"http:\/\/www.ravens-view.de\/index.php?rest_route=\/wp\/v2\/pages\/25634\/revisions\/25698"}],"wp:attachment":[{"href":"http:\/\/www.ravens-view.de\/index.php?rest_route=%2Fwp%2Fv2%2Fmedia&parent=25634"}],"curies":[{"name":"wp","href":"https:\/\/api.w.org\/{rel}","templated":true}]}}